{"id":563,"date":"2010-05-15T15:15:51","date_gmt":"2010-05-15T13:15:51","guid":{"rendered":"http:\/\/danek33.pl\/blog\/?page_id=563"},"modified":"2026-01-29T14:29:43","modified_gmt":"2026-01-29T12:29:43","slug":"galerie-prywatne","status":"publish","type":"page","link":"http:\/\/danek33.pl\/blog\/index.php\/galerie-prywatne\/","title":{"rendered":"GALERIA PRYWATNA"},"content":{"rendered":"\n<div class=\"wp-block-group\"><div class=\"wp-block-group__inner-container is-layout-flow wp-block-group-is-layout-flow\">\n<pre><span style=\"color: #ff0000;\"><strong><a href=\"https:\/\/danek33.pl\/blog\/index.php\/galerie-prywatne\/2026-01-11-studniowka-zespol-szkol-nr-4\/\"><span style=\"color: #ffcc00;\">2026.01.11<\/span> - <span style=\"color: #ff6600;\">Studni\u00f3wka ZS4<\/span><\/a><br \/><a href=\"https:\/\/danek33.pl\/blog\/index.php\/galerie-prywatne\/2025-09-27-eliza-i-wojciech\/\"><span style=\"color: #ffcc00;\">2025.09.27<\/span> - <span style=\"color: #ff6600;\">Eliza i Wojciech<\/span><\/a><br \/><a href=\"https:\/\/danek33.pl\/blog\/index.php\/2025-09-13-beata-i-tomasz\/\"><span style=\"color: #ffcc00;\">2025.09.13<\/span> - <span style=\"color: #ff6600;\">Beata i Tomasz<\/span><\/a><br \/><a href=\"https:\/\/danek33.pl\/blog\/index.php\/galerie-prywatne\/2025-08-02-alina-i-tobiasz\/\"><span style=\"color: #ffcc00;\">2025.08.23<\/span> - <span style=\"color: #ff6600;\">Alina i Tobiasz<\/span><\/a><br \/><a href=\"https:\/\/danek33.pl\/blog\/index.php\/2025-08-02-monika-i-michal\/\"><span style=\"color: #ffcc00;\">2025.08.02<\/span> - <span style=\"color: #ff6600;\">Monika i Micha\u0142<\/span><\/a><br \/><a href=\"https:\/\/danek33.pl\/blog\/index.php\/2025-07-26-anna-i-dariusz\/\"><span style=\"color: #ffcc00;\">2025.07.26<\/span> - <span style=\"color: #ff6600;\">Anna i Dariusz<\/span><\/a><br \/><a href=\"https:\/\/danek33.pl\/blog\/index.php\/galerie-prywatne\/2025-07-19-adriana-i-bartosz\/\"><span style=\"color: #ffcc00;\">2025.07.19<\/span> - <span style=\"color: #ff6600;\">Adriana i Bartosz<\/span><\/a><br \/><a href=\"https:\/\/danek33.pl\/blog\/index.php\/2025-07-12-slub-weroniki-i-dariusza\/\"><span style=\"color: #ffcc00;\">2025.07.12<\/span> - <span style=\"color: #ff6600;\">Weronika i Diariusz<\/span><\/a><br \/><a href=\"https:\/\/danek33.pl\/blog\/index.php\/galerie-prywatne\/2025-06-26-plener-slubny-kingi-i-pawla\/\"><span style=\"color: #ffcc00;\">2025.06.26<\/span> - <span style=\"color: #ff6600;\">Plener Kingi i Pawa\u0142a<\/span><\/a><br \/><a href=\"https:\/\/danek33.pl\/blog\/index.php\/galerie-prywatne\/2025-06-15-komunia-parafia-meczennikow-suwalki-nr2\/\"><span style=\"color: #ffcc00;\">2025.06.15<\/span> - <span style=\"color: #ff6600;\">Komunia w Suwa\u0142kach Parafia M\u0119czennik\u00f3w nr2<\/span><\/a><br \/><a href=\"https:\/\/danek33.pl\/blog\/index.php\/galerie-prywatne\/2025-06-15-komunia-parafia-meczennikow-suwalki-nr1\/\"><span style=\"color: #ffcc00;\">2025.06.15<\/span> - <span style=\"color: #ff6600;\">Komunia w Suwa\u0142kach Parafia M\u0119czennik\u00f3w nr1<\/span><\/a><br \/><a href=\"https:\/\/danek33.pl\/blog\/index.php\/galerie-prywatne\/2025-06-14-komunia-siejnik-olecko\/\"><span style=\"color: #ffcc00;\">2025.06.14<\/span> - <span style=\"color: #ff6600;\">Komunia w Olecku os. Siejnik<\/span><\/a><br \/><a href=\"https:\/\/danek33.pl\/blog\/index.php\/galerie-prywatne\/2025-05-24-komunia-w-bakalarzewie\/\"><span style=\"color: #ffcc00;\">2025.05.24<\/span> - <span style=\"color: #ff6600;\">Komunia w Baka\u0142arzewie<\/span><\/a><br \/><a href=\"https:\/\/danek33.pl\/blog\/index.php\/galerie-prywatne\/2025-05-03-przyjecie-w-jalowie-kai\/\"><span style=\"color: #ffcc00;\">2025.05.03<\/span> - <span style=\"color: #ff6600;\">Przyj\u0119cie Kai<\/span><\/a><br \/><a href=\"https:\/\/danek33.pl\/blog\/index.php\/galerie-prywatne\/2025-05-03-komunia-w-jeleniewie-tymka\/\"><span style=\"color: #ffcc00;\">2025.05.03<\/span> - <span style=\"color: #ff6600;\">Przyj\u0119cie Tymka<\/span><\/a><br \/><a href=\"https:\/\/danek33.pl\/blog\/index.php\/galerie-prywatne\/2025-05-03-komunia-w-jeleniewie\/\"><span style=\"color: #ffcc00;\">2025.05.03<\/span> - <span style=\"color: #ff6600;\">Komunia w Jeleniewie<\/span><\/a><br \/><a href=\"https:\/\/danek33.pl\/blog\/index.php\/galerie-prywatne\/2025-01-11-studniowka-ii-lo\/\"><span style=\"color: #ffcc00;\">2025.01.11<\/span> - <span style=\"color: #ff6600;\">Studni\u00f3wka II LO<\/span><\/a><strong><br \/><\/strong><\/strong><\/span><\/pre>\n<\/div><\/div>\n\n<div class=\"like\">\n<iframe src=\"http:\/\/www.facebook.com\/plugins\/like.php?href=http%3A%2F%2Fdanek33.pl%2Fblog%2Findex.php%2Fgalerie-prywatne%2F&amp;layout=standard&amp;show_faces=true&amp;width=450&amp;action=like&amp;font=&amp;colorscheme=light\" scrolling=\"no\" frameborder=\"0\" allowTransparency=\"true\" style=\"border:none; overflow:hidden; width:450px; height:62px; \"><\/iframe>\n<\/div>\n","protected":false},"excerpt":{"rendered":"<p>2026.01.11 &#8211; Studni\u00f3wka ZS42025.09.27 &#8211; Eliza i Wojciech2025.09.13 &#8211; Beata i Tomasz2025.08.23 &#8211; Alina i Tobiasz2025.08.02 &#8211; Monika i Micha\u01422025.07.26 &#8211; Anna i Dariusz2025.07.19 &#8211; Adriana i Bartosz2025.07.12 &#8211; Weronika<\/p>\n<p class=\"more-link\"><a href=\"http:\/\/danek33.pl\/blog\/index.php\/galerie-prywatne\/\" class=\"readmore\">Continue reading<svg class=\"icon icon-arrow-right\" aria-hidden=\"true\" role=\"img\"> <use href=\"#icon-arrow-right\" xlink:href=\"#icon-arrow-right\"><\/use> <\/svg><span class=\"screen-reader-text\">GALERIA PRYWATNA<\/span><\/a><\/p>\n","protected":false},"author":1,"featured_media":0,"parent":0,"menu_order":0,"comment_status":"closed","ping_status":"closed","template":"","meta":{"footnotes":""},"class_list":["post-563","page","type-page","status-publish","hentry"],"_links":{"self":[{"href":"http:\/\/danek33.pl\/blog\/index.php\/wp-json\/wp\/v2\/pages\/563","targetHints":{"allow":["GET"]}}],"collection":[{"href":"http:\/\/danek33.pl\/blog\/index.php\/wp-json\/wp\/v2\/pages"}],"about":[{"href":"http:\/\/danek33.pl\/blog\/index.php\/wp-json\/wp\/v2\/types\/page"}],"author":[{"embeddable":true,"href":"http:\/\/danek33.pl\/blog\/index.php\/wp-json\/wp\/v2\/users\/1"}],"replies":[{"embeddable":true,"href":"http:\/\/danek33.pl\/blog\/index.php\/wp-json\/wp\/v2\/comments?post=563"}],"version-history":[{"count":286,"href":"http:\/\/danek33.pl\/blog\/index.php\/wp-json\/wp\/v2\/pages\/563\/revisions"}],"predecessor-version":[{"id":2374,"href":"http:\/\/danek33.pl\/blog\/index.php\/wp-json\/wp\/v2\/pages\/563\/revisions\/2374"}],"wp:attachment":[{"href":"http:\/\/danek33.pl\/blog\/index.php\/wp-json\/wp\/v2\/media?parent=563"}],"curies":[{"name":"wp","href":"https:\/\/api.w.org\/{rel}","templated":true}]}}