{"id":2372,"date":"2026-01-29T14:29:28","date_gmt":"2026-01-29T12:29:28","guid":{"rendered":"https:\/\/danek33.pl\/blog\/?page_id=2372"},"modified":"2026-01-29T14:29:28","modified_gmt":"2026-01-29T12:29:28","slug":"2026-01-11-studniowka-zespol-szkol-nr-4","status":"publish","type":"page","link":"http:\/\/danek33.pl\/blog\/index.php\/galerie-prywatne\/2026-01-11-studniowka-zespol-szkol-nr-4\/","title":{"rendered":"2026.01.11 Studni\u00f3wka Zesp\u00f3\u0142 Szk\u00f3\u0142 nr 4"},"content":{"rendered":"","protected":true},"excerpt":{"rendered":"","protected":true},"author":1,"featured_media":0,"parent":563,"menu_order":0,"comment_status":"closed","ping_status":"closed","template":"","meta":{"footnotes":""},"class_list":["post-2372","page","type-page","status-publish","post-password-required","hentry"],"_links":{"self":[{"href":"http:\/\/danek33.pl\/blog\/index.php\/wp-json\/wp\/v2\/pages\/2372","targetHints":{"allow":["GET"]}}],"collection":[{"href":"http:\/\/danek33.pl\/blog\/index.php\/wp-json\/wp\/v2\/pages"}],"about":[{"href":"http:\/\/danek33.pl\/blog\/index.php\/wp-json\/wp\/v2\/types\/page"}],"author":[{"embeddable":true,"href":"http:\/\/danek33.pl\/blog\/index.php\/wp-json\/wp\/v2\/users\/1"}],"replies":[{"embeddable":true,"href":"http:\/\/danek33.pl\/blog\/index.php\/wp-json\/wp\/v2\/comments?post=2372"}],"version-history":[{"count":1,"href":"http:\/\/danek33.pl\/blog\/index.php\/wp-json\/wp\/v2\/pages\/2372\/revisions"}],"predecessor-version":[{"id":2373,"href":"http:\/\/danek33.pl\/blog\/index.php\/wp-json\/wp\/v2\/pages\/2372\/revisions\/2373"}],"up":[{"embeddable":true,"href":"http:\/\/danek33.pl\/blog\/index.php\/wp-json\/wp\/v2\/pages\/563"}],"wp:attachment":[{"href":"http:\/\/danek33.pl\/blog\/index.php\/wp-json\/wp\/v2\/media?parent=2372"}],"curies":[{"name":"wp","href":"https:\/\/api.w.org\/{rel}","templated":true}]}}