{"id":2326,"date":"2025-07-06T13:31:54","date_gmt":"2025-07-06T11:31:54","guid":{"rendered":"https:\/\/danek33.pl\/blog\/?page_id=2326"},"modified":"2025-07-06T13:33:37","modified_gmt":"2025-07-06T11:33:37","slug":"2025-06-15-komunia-parafia-meczennikow-suwalki-nr2","status":"publish","type":"page","link":"http:\/\/danek33.pl\/blog\/index.php\/galerie-prywatne\/2025-06-15-komunia-parafia-meczennikow-suwalki-nr2\/","title":{"rendered":"2025.06.15 Komunia Parafia M\u0119czennik\u00f3w Suwa\u0142ki nr2"},"content":{"rendered":"","protected":true},"excerpt":{"rendered":"","protected":true},"author":1,"featured_media":0,"parent":563,"menu_order":0,"comment_status":"closed","ping_status":"closed","template":"","meta":{"footnotes":""},"class_list":["post-2326","page","type-page","status-publish","post-password-required","hentry"],"_links":{"self":[{"href":"http:\/\/danek33.pl\/blog\/index.php\/wp-json\/wp\/v2\/pages\/2326","targetHints":{"allow":["GET"]}}],"collection":[{"href":"http:\/\/danek33.pl\/blog\/index.php\/wp-json\/wp\/v2\/pages"}],"about":[{"href":"http:\/\/danek33.pl\/blog\/index.php\/wp-json\/wp\/v2\/types\/page"}],"author":[{"embeddable":true,"href":"http:\/\/danek33.pl\/blog\/index.php\/wp-json\/wp\/v2\/users\/1"}],"replies":[{"embeddable":true,"href":"http:\/\/danek33.pl\/blog\/index.php\/wp-json\/wp\/v2\/comments?post=2326"}],"version-history":[{"count":2,"href":"http:\/\/danek33.pl\/blog\/index.php\/wp-json\/wp\/v2\/pages\/2326\/revisions"}],"predecessor-version":[{"id":2328,"href":"http:\/\/danek33.pl\/blog\/index.php\/wp-json\/wp\/v2\/pages\/2326\/revisions\/2328"}],"up":[{"embeddable":true,"href":"http:\/\/danek33.pl\/blog\/index.php\/wp-json\/wp\/v2\/pages\/563"}],"wp:attachment":[{"href":"http:\/\/danek33.pl\/blog\/index.php\/wp-json\/wp\/v2\/media?parent=2326"}],"curies":[{"name":"wp","href":"https:\/\/api.w.org\/{rel}","templated":true}]}}