{"id":2213,"date":"2024-05-23T20:52:07","date_gmt":"2024-05-23T18:52:07","guid":{"rendered":"https:\/\/danek33.pl\/blog\/?page_id=2213"},"modified":"2024-05-23T23:29:04","modified_gmt":"2024-05-23T21:29:04","slug":"2024-05-11-komunia-w-przerosli","status":"publish","type":"page","link":"http:\/\/danek33.pl\/blog\/index.php\/galerie-prywatne\/2024-05-11-komunia-w-przerosli\/","title":{"rendered":"2024.05.11 Pierwsza Komunia \u015awi\u0119ta w Przero\u015bli"},"content":{"rendered":"","protected":true},"excerpt":{"rendered":"","protected":true},"author":1,"featured_media":0,"parent":563,"menu_order":0,"comment_status":"closed","ping_status":"closed","template":"","meta":{"footnotes":""},"class_list":["post-2213","page","type-page","status-publish","post-password-required","hentry"],"_links":{"self":[{"href":"http:\/\/danek33.pl\/blog\/index.php\/wp-json\/wp\/v2\/pages\/2213","targetHints":{"allow":["GET"]}}],"collection":[{"href":"http:\/\/danek33.pl\/blog\/index.php\/wp-json\/wp\/v2\/pages"}],"about":[{"href":"http:\/\/danek33.pl\/blog\/index.php\/wp-json\/wp\/v2\/types\/page"}],"author":[{"embeddable":true,"href":"http:\/\/danek33.pl\/blog\/index.php\/wp-json\/wp\/v2\/users\/1"}],"replies":[{"embeddable":true,"href":"http:\/\/danek33.pl\/blog\/index.php\/wp-json\/wp\/v2\/comments?post=2213"}],"version-history":[{"count":10,"href":"http:\/\/danek33.pl\/blog\/index.php\/wp-json\/wp\/v2\/pages\/2213\/revisions"}],"predecessor-version":[{"id":2227,"href":"http:\/\/danek33.pl\/blog\/index.php\/wp-json\/wp\/v2\/pages\/2213\/revisions\/2227"}],"up":[{"embeddable":true,"href":"http:\/\/danek33.pl\/blog\/index.php\/wp-json\/wp\/v2\/pages\/563"}],"wp:attachment":[{"href":"http:\/\/danek33.pl\/blog\/index.php\/wp-json\/wp\/v2\/media?parent=2213"}],"curies":[{"name":"wp","href":"https:\/\/api.w.org\/{rel}","templated":true}]}}