{"id":2201,"date":"2024-04-22T01:41:23","date_gmt":"2024-04-21T23:41:23","guid":{"rendered":"https:\/\/danek33.pl\/blog\/?page_id=2201"},"modified":"2024-04-22T01:41:23","modified_gmt":"2024-04-21T23:41:23","slug":"oferta-komunijna","status":"publish","type":"page","link":"http:\/\/danek33.pl\/blog\/index.php\/oferty\/oferta-komunijna\/","title":{"rendered":"OFERTA KOMUNIJNA"},"content":{"rendered":"\n<p><strong>PAKIET GRUPOWY zawiera:<\/strong><\/p>\n\n\n\n<ul class=\"wp-block-list\">\n<li>zdj\u0119cia z uroczysto\u015bci komunijnej<\/li>\n\n\n\n<li>zdj\u0119cia grupowe<\/li>\n\n\n\n<li>zdj\u0119cia rodzinne po mszy komunijnej<\/li>\n<\/ul>\n\n\n\n<p><strong>w cenie pakietu otrzymuj\u0105 Pa\u0144stwo:<\/strong><\/p>\n\n\n\n<ul class=\"wp-block-list\">\n<li>Prywatna galeria na www dla wszystkich uczestnik\u00f3w<\/li>\n\n\n\n<li>p\u0142yta dla ka\u017cdego dziecka komunijnego<\/li>\n<\/ul>\n\n\n\n<p><\/p>\n\n\n\n<p><strong>PAKIET INDYWIDUALNY zawiera:<\/strong><\/p>\n\n\n\n<ul class=\"wp-block-list\">\n<li>zdj\u0119cia z uroczysto\u015bci komunijnej<\/li>\n\n\n\n<li>zdj\u0119cia grupowe<\/li>\n\n\n\n<li>zdj\u0119cia rodzinne po mszy komunijnej<\/li>\n\n\n\n<li>zdj\u0119cia z przyj\u0119cia komunijnego<\/li>\n<\/ul>\n\n\n\n<p><strong>w cenie pakietu otrzymuj\u0105 Pa\u0144stwo:<\/strong><\/p>\n\n\n\n<ul class=\"wp-block-list\">\n<li>Prywatna galeria na www<\/li>\n\n\n\n<li>Pendrive z najlepszymi uj\u0119ciami w wersji elektronicznej<\/li>\n<\/ul>\n\n<div class=\"like\">\n<iframe src=\"http:\/\/www.facebook.com\/plugins\/like.php?href=http%3A%2F%2Fdanek33.pl%2Fblog%2Findex.php%2Foferty%2Foferta-komunijna%2F&amp;layout=standard&amp;show_faces=true&amp;width=450&amp;action=like&amp;font=&amp;colorscheme=light\" scrolling=\"no\" frameborder=\"0\" allowTransparency=\"true\" style=\"border:none; overflow:hidden; width:450px; height:62px; \"><\/iframe>\n<\/div>\n","protected":false},"excerpt":{"rendered":"<p>PAKIET GRUPOWY zawiera: w cenie pakietu otrzymuj\u0105 Pa\u0144stwo: PAKIET INDYWIDUALNY zawiera: w cenie pakietu otrzymuj\u0105 Pa\u0144stwo:<\/p>\n","protected":false},"author":1,"featured_media":0,"parent":189,"menu_order":0,"comment_status":"closed","ping_status":"closed","template":"","meta":{"footnotes":""},"class_list":["post-2201","page","type-page","status-publish","hentry"],"_links":{"self":[{"href":"http:\/\/danek33.pl\/blog\/index.php\/wp-json\/wp\/v2\/pages\/2201","targetHints":{"allow":["GET"]}}],"collection":[{"href":"http:\/\/danek33.pl\/blog\/index.php\/wp-json\/wp\/v2\/pages"}],"about":[{"href":"http:\/\/danek33.pl\/blog\/index.php\/wp-json\/wp\/v2\/types\/page"}],"author":[{"embeddable":true,"href":"http:\/\/danek33.pl\/blog\/index.php\/wp-json\/wp\/v2\/users\/1"}],"replies":[{"embeddable":true,"href":"http:\/\/danek33.pl\/blog\/index.php\/wp-json\/wp\/v2\/comments?post=2201"}],"version-history":[{"count":1,"href":"http:\/\/danek33.pl\/blog\/index.php\/wp-json\/wp\/v2\/pages\/2201\/revisions"}],"predecessor-version":[{"id":2202,"href":"http:\/\/danek33.pl\/blog\/index.php\/wp-json\/wp\/v2\/pages\/2201\/revisions\/2202"}],"up":[{"embeddable":true,"href":"http:\/\/danek33.pl\/blog\/index.php\/wp-json\/wp\/v2\/pages\/189"}],"wp:attachment":[{"href":"http:\/\/danek33.pl\/blog\/index.php\/wp-json\/wp\/v2\/media?parent=2201"}],"curies":[{"name":"wp","href":"https:\/\/api.w.org\/{rel}","templated":true}]}}