{"id":189,"date":"2009-10-13T13:29:22","date_gmt":"2009-10-13T11:29:22","guid":{"rendered":"http:\/\/danek33.pl\/blog\/?page_id=189"},"modified":"2011-11-16T23:59:50","modified_gmt":"2011-11-16T21:59:50","slug":"oferty","status":"publish","type":"page","link":"http:\/\/danek33.pl\/blog\/index.php\/oferty\/","title":{"rendered":"OFERTA"},"content":{"rendered":"<p><a href=\"http:\/\/danek33.pl\/blog\/index.php\/oferty\/oferta-slubna\/\"><span style=\"color: #ff0000;\"><img loading=\"lazy\" decoding=\"async\" class=\"aligncenter\" src=\"http:\/\/www.danek33.pl\/oferta-slubna.jpg\" alt=\"\" width=\"900\" height=\"100\" \/><\/span><\/a><\/p>\n<p style=\"text-align: center;\"><a href=\"http:\/\/danek33.pl\/blog\/index.php\/oferty\/oferta-rodzinna\/\"><img loading=\"lazy\" decoding=\"async\" class=\"aligncenter\" src=\"http:\/\/www.danek33.pl\/oferta-rodzinna.jpg\" alt=\"\" width=\"900\" height=\"100\" \/><\/a><\/p>\n<p style=\"text-align: center;\"><a href=\"http:\/\/danek33.pl\/blog\/index.php\/oferty\/oferta-chrztu\/\"><img loading=\"lazy\" decoding=\"async\" class=\"aligncenter\" src=\"http:\/\/www.danek33.pl\/oferta-chrztu.jpg\" alt=\"\" width=\"900\" height=\"100\" \/><\/a><\/p>\n<p style=\"text-align: center;\"><a href=\"Najlepszym okresem do wykonania takich zdj\u0119\u0107 jest okres pomi\u0119dzy 7 a 9 miesi\u0105cem ci\u0105\u017cy gdzie widoczny jest brzuszek.  Do takich zdj\u0119\u0107, r\u00f3wnie\u017c zapraszam ca\u0142e rodziny, kt\u00f3re uwiecznimy jako celebruj\u0105ce i oczekuj\u0105ce przyj\u015bcie na \u015bwiat nowego cz\u0142onka \u201efamilii\u201d.  Us\u0142uga mo\u017ce zawiera\u0107:       wykonanie zdj\u0119\u0107 w plenerze lub w domu     przygotowanie ekskluzywnego albumu fotograficznego, fotoksi\u0105\u017cki i prezentacji zdj\u0119\u0107 z podk\u0142adem muzycznym\"><img loading=\"lazy\" decoding=\"async\" class=\"aligncenter\" src=\"http:\/\/www.danek33.pl\/oferta-ciazowa.jpg\" alt=\"\" width=\"900\" height=\"100\" \/><\/a><\/p>\n<p style=\"text-align: center;\"><a href=\"http:\/\/danek33.pl\/blog\/index.php\/oferty\/oferta-eventowa\/\"><img loading=\"lazy\" decoding=\"async\" class=\"aligncenter\" src=\"http:\/\/www.danek33.pl\/oferta-eventowa.jpg\" alt=\"\" width=\"900\" height=\"100\" \/><\/a><\/p>\n<p style=\"text-align: center;\"><a href=\"http:\/\/danek33.pl\/blog\/index.php\/oferty\/oferta-wnetrz\/\"><img loading=\"lazy\" decoding=\"async\" class=\"aligncenter\" src=\"http:\/\/www.danek33.pl\/oferta-wnetrz.jpg\" alt=\"\" width=\"900\" height=\"100\" \/><\/a><\/p>\n<p style=\"text-align: center;\"><a href=\"http:\/\/danek33.pl\/blog\/index.php\/oferty\/oferta-studniowkowa\/\"><img loading=\"lazy\" decoding=\"async\" class=\"aligncenter\" src=\"http:\/\/www.danek33.pl\/oferta-studniowek.jpg\" alt=\"\" width=\"900\" height=\"100\" \/><\/a><\/p>\n<p style=\"text-align: center;\"><a href=\"http:\/\/danek33.pl\/blog\/index.php\/oferty\/oferta-produktowa\/\"><img loading=\"lazy\" decoding=\"async\" class=\"aligncenter\" src=\"http:\/\/www.danek33.pl\/oferta-produktow.jpg\" alt=\"\" width=\"900\" height=\"100\" \/><\/a><\/p>\n\n<div class=\"like\">\n<iframe src=\"http:\/\/www.facebook.com\/plugins\/like.php?href=http%3A%2F%2Fdanek33.pl%2Fblog%2Findex.php%2Foferty%2F&amp;layout=standard&amp;show_faces=true&amp;width=450&amp;action=like&amp;font=&amp;colorscheme=light\" scrolling=\"no\" frameborder=\"0\" allowTransparency=\"true\" style=\"border:none; overflow:hidden; width:450px; height:62px; \"><\/iframe>\n<\/div>\n","protected":false},"excerpt":{"rendered":"","protected":false},"author":1,"featured_media":0,"parent":0,"menu_order":0,"comment_status":"closed","ping_status":"closed","template":"","meta":{"footnotes":""},"class_list":["post-189","page","type-page","status-publish","hentry"],"_links":{"self":[{"href":"http:\/\/danek33.pl\/blog\/index.php\/wp-json\/wp\/v2\/pages\/189","targetHints":{"allow":["GET"]}}],"collection":[{"href":"http:\/\/danek33.pl\/blog\/index.php\/wp-json\/wp\/v2\/pages"}],"about":[{"href":"http:\/\/danek33.pl\/blog\/index.php\/wp-json\/wp\/v2\/types\/page"}],"author":[{"embeddable":true,"href":"http:\/\/danek33.pl\/blog\/index.php\/wp-json\/wp\/v2\/users\/1"}],"replies":[{"embeddable":true,"href":"http:\/\/danek33.pl\/blog\/index.php\/wp-json\/wp\/v2\/comments?post=189"}],"version-history":[{"count":21,"href":"http:\/\/danek33.pl\/blog\/index.php\/wp-json\/wp\/v2\/pages\/189\/revisions"}],"predecessor-version":[{"id":1041,"href":"http:\/\/danek33.pl\/blog\/index.php\/wp-json\/wp\/v2\/pages\/189\/revisions\/1041"}],"wp:attachment":[{"href":"http:\/\/danek33.pl\/blog\/index.php\/wp-json\/wp\/v2\/media?parent=189"}],"curies":[{"name":"wp","href":"https:\/\/api.w.org\/{rel}","templated":true}]}}