{"id":178,"date":"2009-10-13T13:09:05","date_gmt":"2009-10-13T11:09:05","guid":{"rendered":"http:\/\/danek33.pl\/blog\/?page_id=178"},"modified":"2026-02-05T22:02:40","modified_gmt":"2026-02-05T20:02:40","slug":"oferta-slubna","status":"publish","type":"page","link":"http:\/\/danek33.pl\/blog\/index.php\/oferty\/oferta-slubna\/","title":{"rendered":"OFERTA \u015aLUBNA"},"content":{"rendered":"<h2><\/h2>\n<h2><span style=\"color: #339966;\"><strong>1. PAKIET <span style=\"text-decoration: underline;\">STANDARDOWY<\/span><\/strong><\/span><\/h2>\n<ul>\n<li>Przygotowania oraz B\u0142ogos\u0142awie\u0144stwo u M\u0142odego oraz M\u0142odej<\/li>\n<li>Ceremonia \u015alubu<\/li>\n<li>Ca\u0142e Wesele do Oczepin lub Tortu<\/li>\n<li>Plener tego samego dnia<\/li>\n<\/ul>\n<p><strong>w cenie pakietu otrzymuj\u0105 Pa\u0144stwo:<\/strong><\/p>\n<ul>\n<li>500 najlepszych uj\u0119\u0107 w wersji elektronicznej Pendrive<\/li>\n<li>20 odbitek najlepszych zdj\u0119\u0107 w formacie 15&#215;21 cm<\/li>\n<li>Prywatna galeria na www dla rodziny i przyjaci\u00f3\u0142<\/li>\n<\/ul>\n<h2><strong><span style=\"color: #ff6600;\">2. PAKIET <span style=\"text-decoration: underline;\">PLENER<\/span><\/span><\/strong><\/h2>\n<ul>\n<li>Przygotowania oraz B\u0142ogos\u0142awie\u0144stwo u M\u0142odego oraz M\u0142odej<\/li>\n<li>Ceremonia \u015alubu<\/li>\n<li>Ca\u0142e Wesele do Oczepin lub Tortu<\/li>\n<li>Plener innego dnia<\/li>\n<\/ul>\n<p><strong>w cenie pakietu otrzymuj\u0105 Pa\u0144stwo:<\/strong><\/p>\n<ul>\n<li>600 najlepszych uj\u0119\u0107 w wersji elektronicznej Pendrive<\/li>\n<li>30 odbitek najlepszych zdj\u0119\u0107 w formacie 15&#215;21 cm<\/li>\n<li>Prywatna galeria na www dla rodziny i przyjaci\u00f3\u0142<\/li>\n<\/ul>\n<h2><strong><span style=\"color: #66ccff;\">3. PAKIET <span style=\"text-decoration: underline;\">MAX PRESTI\u017b<\/span><\/span><\/strong><\/h2>\n<ul>\n<li>Sesja narzecze\u0144ska<\/li>\n<li>Przygotowania oraz B\u0142ogos\u0142awie\u0144stwo u M\u0142odego oraz M\u0142odej<\/li>\n<li>Ceremonia \u015alubu<\/li>\n<li>Ca\u0142e Wesele do Oczepin lub Tortu<\/li>\n<li>Plener tego samego lub innego dnia<\/li>\n<\/ul>\n<p><strong>w cenie pakietu otrzymuj\u0105 Pa\u0144stwo:<\/strong><\/p>\n<ul>\n<li>700 najlepszych uj\u0119\u0107 w wersji elektronicznej Pendrive<\/li>\n<li>40 odbitek najlepszych zdj\u0119\u0107 w formacie 15&#215;21 cm<\/li>\n<li>Prywatna galeria na www dla rodziny i przyjaci\u00f3\u0142<\/li>\n<li>Fotoalbum<\/li>\n<\/ul>\n<h2><span style=\"color: #ff66ff;\"><strong>4. PLENER<\/strong><\/span><\/h2>\n<p>(ok. 3 godzin)<\/p>\n<p><strong>w cenie pakietu standardowego pleneru otrzymuj\u0105 Pa\u0144stwo:<\/strong><\/p>\n<ul>\n<li>100 najlepszych uj\u0119\u0107 w wersji elektronicznej DVD<\/li>\n<li>20 odbitek najlepszych zdj\u0119\u0107 w formacie 15&#215;21 cm<\/li>\n<li>Prywatna galeria na www dla rodziny i przyjaci\u00f3\u0142<\/li>\n<\/ul>\n\n<div class=\"like\">\n<iframe src=\"http:\/\/www.facebook.com\/plugins\/like.php?href=http%3A%2F%2Fdanek33.pl%2Fblog%2Findex.php%2Foferty%2Foferta-slubna%2F&amp;layout=standard&amp;show_faces=true&amp;width=450&amp;action=like&amp;font=&amp;colorscheme=light\" scrolling=\"no\" frameborder=\"0\" allowTransparency=\"true\" style=\"border:none; overflow:hidden; width:450px; height:62px; \"><\/iframe>\n<\/div>\n","protected":false},"excerpt":{"rendered":"<p>1. PAKIET STANDARDOWY Przygotowania oraz B\u0142ogos\u0142awie\u0144stwo u M\u0142odego oraz M\u0142odej Ceremonia \u015alubu Ca\u0142e Wesele do Oczepin lub Tortu Plener tego samego dnia w cenie pakietu otrzymuj\u0105 Pa\u0144stwo: 500 najlepszych uj\u0119\u0107<\/p>\n<p class=\"more-link\"><a href=\"http:\/\/danek33.pl\/blog\/index.php\/oferty\/oferta-slubna\/\" class=\"readmore\">Continue reading<svg class=\"icon icon-arrow-right\" aria-hidden=\"true\" role=\"img\"> <use href=\"#icon-arrow-right\" xlink:href=\"#icon-arrow-right\"><\/use> <\/svg><span class=\"screen-reader-text\">OFERTA \u015aLUBNA<\/span><\/a><\/p>\n","protected":false},"author":1,"featured_media":0,"parent":189,"menu_order":0,"comment_status":"closed","ping_status":"open","template":"","meta":{"footnotes":""},"class_list":["post-178","page","type-page","status-publish","hentry"],"_links":{"self":[{"href":"http:\/\/danek33.pl\/blog\/index.php\/wp-json\/wp\/v2\/pages\/178","targetHints":{"allow":["GET"]}}],"collection":[{"href":"http:\/\/danek33.pl\/blog\/index.php\/wp-json\/wp\/v2\/pages"}],"about":[{"href":"http:\/\/danek33.pl\/blog\/index.php\/wp-json\/wp\/v2\/types\/page"}],"author":[{"embeddable":true,"href":"http:\/\/danek33.pl\/blog\/index.php\/wp-json\/wp\/v2\/users\/1"}],"replies":[{"embeddable":true,"href":"http:\/\/danek33.pl\/blog\/index.php\/wp-json\/wp\/v2\/comments?post=178"}],"version-history":[{"count":76,"href":"http:\/\/danek33.pl\/blog\/index.php\/wp-json\/wp\/v2\/pages\/178\/revisions"}],"predecessor-version":[{"id":2377,"href":"http:\/\/danek33.pl\/blog\/index.php\/wp-json\/wp\/v2\/pages\/178\/revisions\/2377"}],"up":[{"embeddable":true,"href":"http:\/\/danek33.pl\/blog\/index.php\/wp-json\/wp\/v2\/pages\/189"}],"wp:attachment":[{"href":"http:\/\/danek33.pl\/blog\/index.php\/wp-json\/wp\/v2\/media?parent=178"}],"curies":[{"name":"wp","href":"https:\/\/api.w.org\/{rel}","templated":true}]}}