{"id":157,"date":"2009-10-10T12:14:52","date_gmt":"2009-10-10T10:14:52","guid":{"rendered":"http:\/\/danek33.pl\/blog\/?page_id=157"},"modified":"2011-06-17T23:24:31","modified_gmt":"2011-06-17T21:24:31","slug":"o-mnie","status":"publish","type":"page","link":"http:\/\/danek33.pl\/blog\/index.php\/o-mnie\/","title":{"rendered":"O MNIE"},"content":{"rendered":"<p style=\"text-align: center;\">&nbsp;<\/p>\n<p style=\"text-align: justify;\"><img loading=\"lazy\" decoding=\"async\" class=\"alignright\" src=\"http:\/\/danek33.pl\/Obrazki\/danek.jpg\" alt=\"\" width=\"250\" height=\"356\" \/>Fotografia profesjonalna jest moim hobby od wielu lat. Jest ona zar\u00f3wno pasj\u0105 jak i mo\u017cliwo\u015bci\u0105 zatrzymania w kadrze jednej chwili &#8211; szcz\u0119\u015bcia, rado\u015bci czasem te\u017c smutku &#8230;, jednym s\u0142owem tego co tak trudno nam opisa\u0107 czasem s\u0142owami. Za pomoc\u0105 martwego, bezdusznego sprz\u0119tu fotograficznego staram si\u0119 opisa\u0107 histori\u0119 oddaj\u0105c\u0105 pewien szczeg\u00f3lny dla nas moment do kt\u00f3rego mo\u017cemy w ka\u017cdej chwili powr\u00f3ci\u0107 i poczu\u0107 cho\u0107by namiastk\u0119 tej pasji, nami\u0119tno\u015bci i czaru. Dzi\u0119ki temu dwuwymiarowy, kolorowy obraz nabiera realnych, wr\u0119cz namacalnych prze\u017cy\u0107.<\/p>\n<p style=\"text-align: justify;\">Praca z lud\u017ami jest dla mnie przyjemno\u015bci\u0105, dlatego nie traktuje jej jako kolejnego zlecenia tylko jak wyj\u0105tkow\u0105 przygod\u0119 &#8211; ka\u017cdy jest niepowtarzalny, nie ma dw\u00f3ch identycznych chwil, dlatego tak wa\u017cne dla mnie jest zachowanie ich w Waszej pami\u0119ci.<\/p>\n<p style=\"text-align: justify;\">Fotografuj\u0119 lustrzankami cyfrowymi firmy Nikon wraz z zestawem obiektyw\u00f3w i licznych akcesorii. M\u00f3wi si\u0119 ze to nie aparat robi zdj\u0119cia tylko fotograf, ale dobre zdj\u0119cie to mieszanka umiej\u0119tno\u015bci fotografa i mo\u017cliwo\u015bci jego aparatu. Moje mo\u017cliwo\u015bci zaprezentowa\u0142em w <a href=\"..\/index.php\/galeria\/\" target=\"_self\">GALERII<\/a> lub na <a href=\"..\/\" target=\"_self\">BLOGU<\/a>, gdzie serdecznie zapraszam.<\/p>\n<p><span style=\"color: #cc99ff;\">Daniel \u017byli\u0144ski<br \/>\n<strong>FOTOGRAF &#8211; GRAFIK<\/strong><\/span><\/p>\n\n<div class=\"like\">\n<iframe src=\"http:\/\/www.facebook.com\/plugins\/like.php?href=http%3A%2F%2Fdanek33.pl%2Fblog%2Findex.php%2Fo-mnie%2F&amp;layout=standard&amp;show_faces=true&amp;width=450&amp;action=like&amp;font=&amp;colorscheme=light\" scrolling=\"no\" frameborder=\"0\" allowTransparency=\"true\" style=\"border:none; overflow:hidden; width:450px; height:62px; \"><\/iframe>\n<\/div>\n","protected":false},"excerpt":{"rendered":"<p>&nbsp; Fotografia profesjonalna jest moim hobby od wielu lat. Jest ona zar\u00f3wno pasj\u0105 jak i mo\u017cliwo\u015bci\u0105 zatrzymania w kadrze jednej chwili &#8211; szcz\u0119\u015bcia, rado\u015bci czasem te\u017c smutku &#8230;, jednym s\u0142owem<\/p>\n<p class=\"more-link\"><a href=\"http:\/\/danek33.pl\/blog\/index.php\/o-mnie\/\" class=\"readmore\">Continue reading<svg class=\"icon icon-arrow-right\" aria-hidden=\"true\" role=\"img\"> <use href=\"#icon-arrow-right\" xlink:href=\"#icon-arrow-right\"><\/use> <\/svg><span class=\"screen-reader-text\">O MNIE<\/span><\/a><\/p>\n","protected":false},"author":1,"featured_media":0,"parent":0,"menu_order":0,"comment_status":"closed","ping_status":"open","template":"","meta":{"footnotes":""},"class_list":["post-157","page","type-page","status-publish","hentry"],"_links":{"self":[{"href":"http:\/\/danek33.pl\/blog\/index.php\/wp-json\/wp\/v2\/pages\/157","targetHints":{"allow":["GET"]}}],"collection":[{"href":"http:\/\/danek33.pl\/blog\/index.php\/wp-json\/wp\/v2\/pages"}],"about":[{"href":"http:\/\/danek33.pl\/blog\/index.php\/wp-json\/wp\/v2\/types\/page"}],"author":[{"embeddable":true,"href":"http:\/\/danek33.pl\/blog\/index.php\/wp-json\/wp\/v2\/users\/1"}],"replies":[{"embeddable":true,"href":"http:\/\/danek33.pl\/blog\/index.php\/wp-json\/wp\/v2\/comments?post=157"}],"version-history":[{"count":29,"href":"http:\/\/danek33.pl\/blog\/index.php\/wp-json\/wp\/v2\/pages\/157\/revisions"}],"predecessor-version":[{"id":172,"href":"http:\/\/danek33.pl\/blog\/index.php\/wp-json\/wp\/v2\/pages\/157\/revisions\/172"}],"wp:attachment":[{"href":"http:\/\/danek33.pl\/blog\/index.php\/wp-json\/wp\/v2\/media?parent=157"}],"curies":[{"name":"wp","href":"https:\/\/api.w.org\/{rel}","templated":true}]}}