{"id":1039,"date":"2011-11-16T23:59:05","date_gmt":"2011-11-16T21:59:05","guid":{"rendered":"http:\/\/danek33.pl\/blog\/?page_id=1039"},"modified":"2011-11-16T23:59:05","modified_gmt":"2011-11-16T21:59:05","slug":"oferta-produktowa","status":"publish","type":"page","link":"http:\/\/danek33.pl\/blog\/index.php\/oferty\/oferta-produktowa\/","title":{"rendered":"OFERTA PRODUKTOWA"},"content":{"rendered":"<p><span style=\"color: #ff9900;\">Oferta skierowana do producent\u00f3w, sprzedawc\u00f3w hurtowych jak i detalicznych, hipermarket\u00f3w oraz obiekt\u00f3w gastronomicznych gdzie wymagana jest prezentacja produkt\u00f3w. Wykonane przeze mnie zdj\u0119cia mog\u0105 by\u0107 wykorzystane w sklepach internetowych, ulotkach, gazetkach promocyjnych lub nawet w druku wielkoformatowym.<\/span><\/p>\n\n<div class=\"like\">\n<iframe src=\"http:\/\/www.facebook.com\/plugins\/like.php?href=http%3A%2F%2Fdanek33.pl%2Fblog%2Findex.php%2Foferty%2Foferta-produktowa%2F&amp;layout=standard&amp;show_faces=true&amp;width=450&amp;action=like&amp;font=&amp;colorscheme=light\" scrolling=\"no\" frameborder=\"0\" allowTransparency=\"true\" style=\"border:none; overflow:hidden; width:450px; height:62px; \"><\/iframe>\n<\/div>\n","protected":false},"excerpt":{"rendered":"<p>Oferta skierowana do producent\u00f3w, sprzedawc\u00f3w hurtowych jak i detalicznych, hipermarket\u00f3w oraz obiekt\u00f3w gastronomicznych gdzie wymagana jest prezentacja produkt\u00f3w. Wykonane przeze mnie zdj\u0119cia mog\u0105 by\u0107 wykorzystane w sklepach internetowych, ulotkach, gazetkach<\/p>\n<p class=\"more-link\"><a href=\"http:\/\/danek33.pl\/blog\/index.php\/oferty\/oferta-produktowa\/\" class=\"readmore\">Continue reading<svg class=\"icon icon-arrow-right\" aria-hidden=\"true\" role=\"img\"> <use href=\"#icon-arrow-right\" xlink:href=\"#icon-arrow-right\"><\/use> <\/svg><span class=\"screen-reader-text\">OFERTA PRODUKTOWA<\/span><\/a><\/p>\n","protected":false},"author":1,"featured_media":0,"parent":189,"menu_order":0,"comment_status":"open","ping_status":"closed","template":"","meta":{"footnotes":""},"class_list":["post-1039","page","type-page","status-publish","hentry"],"_links":{"self":[{"href":"http:\/\/danek33.pl\/blog\/index.php\/wp-json\/wp\/v2\/pages\/1039","targetHints":{"allow":["GET"]}}],"collection":[{"href":"http:\/\/danek33.pl\/blog\/index.php\/wp-json\/wp\/v2\/pages"}],"about":[{"href":"http:\/\/danek33.pl\/blog\/index.php\/wp-json\/wp\/v2\/types\/page"}],"author":[{"embeddable":true,"href":"http:\/\/danek33.pl\/blog\/index.php\/wp-json\/wp\/v2\/users\/1"}],"replies":[{"embeddable":true,"href":"http:\/\/danek33.pl\/blog\/index.php\/wp-json\/wp\/v2\/comments?post=1039"}],"version-history":[{"count":1,"href":"http:\/\/danek33.pl\/blog\/index.php\/wp-json\/wp\/v2\/pages\/1039\/revisions"}],"predecessor-version":[{"id":1040,"href":"http:\/\/danek33.pl\/blog\/index.php\/wp-json\/wp\/v2\/pages\/1039\/revisions\/1040"}],"up":[{"embeddable":true,"href":"http:\/\/danek33.pl\/blog\/index.php\/wp-json\/wp\/v2\/pages\/189"}],"wp:attachment":[{"href":"http:\/\/danek33.pl\/blog\/index.php\/wp-json\/wp\/v2\/media?parent=1039"}],"curies":[{"name":"wp","href":"https:\/\/api.w.org\/{rel}","templated":true}]}}