{"id":1035,"date":"2011-11-16T23:56:39","date_gmt":"2011-11-16T21:56:39","guid":{"rendered":"http:\/\/danek33.pl\/blog\/?page_id=1035"},"modified":"2019-02-04T12:59:11","modified_gmt":"2019-02-04T10:59:11","slug":"oferta-studniowkowa","status":"publish","type":"page","link":"http:\/\/danek33.pl\/blog\/index.php\/oferty\/oferta-studniowkowa\/","title":{"rendered":"OFERTA STUDNI\u00d3WKOWA"},"content":{"rendered":"<p><strong>PAKIET zawiera:<\/strong><\/p>\n<ul>\n<li>zdj\u0119cia z uroczysto\u015bci studni\u00f3wkowej<\/li>\n<li>zdj\u0119cia grupowe<\/li>\n<li>zdj\u0119cia indywidualnie dla ka\u017cdej pary<\/li>\n<\/ul>\n<p><strong>w cenie pakietu otrzymuj\u0105 Pa\u0144stwo:<\/strong><\/p>\n<ul>\n<li>Prywatna galeria na www dla wszystkich uczestnik\u00f3w<\/li>\n<li>5 p\u0142yt z najlepszymi uj\u0119ciami w wersji elektronicznej<\/li>\n<\/ul>\n\n<div class=\"like\">\n<iframe src=\"http:\/\/www.facebook.com\/plugins\/like.php?href=http%3A%2F%2Fdanek33.pl%2Fblog%2Findex.php%2Foferty%2Foferta-studniowkowa%2F&amp;layout=standard&amp;show_faces=true&amp;width=450&amp;action=like&amp;font=&amp;colorscheme=light\" scrolling=\"no\" frameborder=\"0\" allowTransparency=\"true\" style=\"border:none; overflow:hidden; width:450px; height:62px; \"><\/iframe>\n<\/div>\n","protected":false},"excerpt":{"rendered":"<p>PAKIET zawiera: zdj\u0119cia z uroczysto\u015bci studni\u00f3wkowej zdj\u0119cia grupowe zdj\u0119cia indywidualnie dla ka\u017cdej pary w cenie pakietu otrzymuj\u0105 Pa\u0144stwo: Prywatna galeria na www dla wszystkich uczestnik\u00f3w 5 p\u0142yt z najlepszymi uj\u0119ciami<\/p>\n<p class=\"more-link\"><a href=\"http:\/\/danek33.pl\/blog\/index.php\/oferty\/oferta-studniowkowa\/\" class=\"readmore\">Continue reading<svg class=\"icon icon-arrow-right\" aria-hidden=\"true\" role=\"img\"> <use href=\"#icon-arrow-right\" xlink:href=\"#icon-arrow-right\"><\/use> <\/svg><span class=\"screen-reader-text\">OFERTA STUDNI\u00d3WKOWA<\/span><\/a><\/p>\n","protected":false},"author":1,"featured_media":0,"parent":189,"menu_order":0,"comment_status":"open","ping_status":"closed","template":"","meta":{"footnotes":""},"class_list":["post-1035","page","type-page","status-publish","hentry"],"_links":{"self":[{"href":"http:\/\/danek33.pl\/blog\/index.php\/wp-json\/wp\/v2\/pages\/1035","targetHints":{"allow":["GET"]}}],"collection":[{"href":"http:\/\/danek33.pl\/blog\/index.php\/wp-json\/wp\/v2\/pages"}],"about":[{"href":"http:\/\/danek33.pl\/blog\/index.php\/wp-json\/wp\/v2\/types\/page"}],"author":[{"embeddable":true,"href":"http:\/\/danek33.pl\/blog\/index.php\/wp-json\/wp\/v2\/users\/1"}],"replies":[{"embeddable":true,"href":"http:\/\/danek33.pl\/blog\/index.php\/wp-json\/wp\/v2\/comments?post=1035"}],"version-history":[{"count":4,"href":"http:\/\/danek33.pl\/blog\/index.php\/wp-json\/wp\/v2\/pages\/1035\/revisions"}],"predecessor-version":[{"id":1844,"href":"http:\/\/danek33.pl\/blog\/index.php\/wp-json\/wp\/v2\/pages\/1035\/revisions\/1844"}],"up":[{"embeddable":true,"href":"http:\/\/danek33.pl\/blog\/index.php\/wp-json\/wp\/v2\/pages\/189"}],"wp:attachment":[{"href":"http:\/\/danek33.pl\/blog\/index.php\/wp-json\/wp\/v2\/media?parent=1035"}],"curies":[{"name":"wp","href":"https:\/\/api.w.org\/{rel}","templated":true}]}}