{"id":1030,"date":"2011-11-16T23:48:31","date_gmt":"2011-11-16T21:48:31","guid":{"rendered":"http:\/\/danek33.pl\/blog\/?page_id=1030"},"modified":"2011-11-16T23:48:31","modified_gmt":"2011-11-16T21:48:31","slug":"oferta-wnetrz","status":"publish","type":"page","link":"http:\/\/danek33.pl\/blog\/index.php\/oferty\/oferta-wnetrz\/","title":{"rendered":"OFERTA WN\u0118TRZ"},"content":{"rendered":"<p><span style=\"color: #ff9900;\">Oferta skierowana dla klient\u00f3w prywatnych jak i dla firm. Szczeg\u00f3lnie zach\u0119camy do skorzystania w\u0142a\u015bcicieli pensjonat\u00f3w, hoteli, restauracji i innych obiekt\u00f3w wypoczynkowych lub noclegowych. Wykona\u0142em ju\u017c wiele zdj\u0119\u0107 na terenie podlaskim i nie tylko, co pozwoli\u0142o na zebranie wielu do\u015bwiadcze\u0144.<\/span><\/p>\n<p>&nbsp;<\/p>\n\n<div class=\"like\">\n<iframe src=\"http:\/\/www.facebook.com\/plugins\/like.php?href=http%3A%2F%2Fdanek33.pl%2Fblog%2Findex.php%2Foferty%2Foferta-wnetrz%2F&amp;layout=standard&amp;show_faces=true&amp;width=450&amp;action=like&amp;font=&amp;colorscheme=light\" scrolling=\"no\" frameborder=\"0\" allowTransparency=\"true\" style=\"border:none; overflow:hidden; width:450px; height:62px; \"><\/iframe>\n<\/div>\n","protected":false},"excerpt":{"rendered":"<p>Oferta skierowana dla klient\u00f3w prywatnych jak i dla firm. Szczeg\u00f3lnie zach\u0119camy do skorzystania w\u0142a\u015bcicieli pensjonat\u00f3w, hoteli, restauracji i innych obiekt\u00f3w wypoczynkowych lub noclegowych. Wykona\u0142em ju\u017c wiele zdj\u0119\u0107 na terenie podlaskim<\/p>\n<p class=\"more-link\"><a href=\"http:\/\/danek33.pl\/blog\/index.php\/oferty\/oferta-wnetrz\/\" class=\"readmore\">Continue reading<svg class=\"icon icon-arrow-right\" aria-hidden=\"true\" role=\"img\"> <use href=\"#icon-arrow-right\" xlink:href=\"#icon-arrow-right\"><\/use> <\/svg><span class=\"screen-reader-text\">OFERTA WN\u0118TRZ<\/span><\/a><\/p>\n","protected":false},"author":1,"featured_media":0,"parent":189,"menu_order":0,"comment_status":"open","ping_status":"closed","template":"","meta":{"footnotes":""},"class_list":["post-1030","page","type-page","status-publish","hentry"],"_links":{"self":[{"href":"http:\/\/danek33.pl\/blog\/index.php\/wp-json\/wp\/v2\/pages\/1030","targetHints":{"allow":["GET"]}}],"collection":[{"href":"http:\/\/danek33.pl\/blog\/index.php\/wp-json\/wp\/v2\/pages"}],"about":[{"href":"http:\/\/danek33.pl\/blog\/index.php\/wp-json\/wp\/v2\/types\/page"}],"author":[{"embeddable":true,"href":"http:\/\/danek33.pl\/blog\/index.php\/wp-json\/wp\/v2\/users\/1"}],"replies":[{"embeddable":true,"href":"http:\/\/danek33.pl\/blog\/index.php\/wp-json\/wp\/v2\/comments?post=1030"}],"version-history":[{"count":1,"href":"http:\/\/danek33.pl\/blog\/index.php\/wp-json\/wp\/v2\/pages\/1030\/revisions"}],"predecessor-version":[{"id":1031,"href":"http:\/\/danek33.pl\/blog\/index.php\/wp-json\/wp\/v2\/pages\/1030\/revisions\/1031"}],"up":[{"embeddable":true,"href":"http:\/\/danek33.pl\/blog\/index.php\/wp-json\/wp\/v2\/pages\/189"}],"wp:attachment":[{"href":"http:\/\/danek33.pl\/blog\/index.php\/wp-json\/wp\/v2\/media?parent=1030"}],"curies":[{"name":"wp","href":"https:\/\/api.w.org\/{rel}","templated":true}]}}