{"id":1025,"date":"2011-11-16T23:43:28","date_gmt":"2011-11-16T21:43:28","guid":{"rendered":"http:\/\/danek33.pl\/blog\/?page_id=1025"},"modified":"2011-11-16T23:43:50","modified_gmt":"2011-11-16T21:43:50","slug":"oferta-eventowa","status":"publish","type":"page","link":"http:\/\/danek33.pl\/blog\/index.php\/oferty\/oferta-eventowa\/","title":{"rendered":"OFERTA EVENTOWA"},"content":{"rendered":"<p><span style=\"color: #ff6600;\">Oferta skierowana do firm organizuj\u0105cych eventy, pokazy lub imprezy integracyjne. Moja obs\u0142uga fotograficzna mo\u017ce by\u0107 obecna podczas ca\u0142ego wydarzenia b\u0105d\u017a na wybrany przez Pa\u0144stwa okres czasu.<\/span><\/p>\n<p><strong>Us\u0142uga mo\u017ce zawiera\u0107:<\/strong><\/p>\n<ul>\n<li>obecno\u015b\u0107 obs\u0142ugi fotograficznej przez kr\u00f3tki lub ca\u0142y okres czasu trwania imprezy<\/li>\n<li>przygotowanie ekskluzywnego albumu fotograficznego, fotoksi\u0105\u017cki lub prezentacji zdj\u0119\u0107 z podk\u0142adem muzycznym<\/li>\n<\/ul>\n\n<div class=\"like\">\n<iframe src=\"http:\/\/www.facebook.com\/plugins\/like.php?href=http%3A%2F%2Fdanek33.pl%2Fblog%2Findex.php%2Foferty%2Foferta-eventowa%2F&amp;layout=standard&amp;show_faces=true&amp;width=450&amp;action=like&amp;font=&amp;colorscheme=light\" scrolling=\"no\" frameborder=\"0\" allowTransparency=\"true\" style=\"border:none; overflow:hidden; width:450px; height:62px; \"><\/iframe>\n<\/div>\n","protected":false},"excerpt":{"rendered":"<p>Oferta skierowana do firm organizuj\u0105cych eventy, pokazy lub imprezy integracyjne. Moja obs\u0142uga fotograficzna mo\u017ce by\u0107 obecna podczas ca\u0142ego wydarzenia b\u0105d\u017a na wybrany przez Pa\u0144stwa okres czasu. Us\u0142uga mo\u017ce zawiera\u0107: obecno\u015b\u0107<\/p>\n<p class=\"more-link\"><a href=\"http:\/\/danek33.pl\/blog\/index.php\/oferty\/oferta-eventowa\/\" class=\"readmore\">Continue reading<svg class=\"icon icon-arrow-right\" aria-hidden=\"true\" role=\"img\"> <use href=\"#icon-arrow-right\" xlink:href=\"#icon-arrow-right\"><\/use> <\/svg><span class=\"screen-reader-text\">OFERTA EVENTOWA<\/span><\/a><\/p>\n","protected":false},"author":1,"featured_media":0,"parent":189,"menu_order":0,"comment_status":"open","ping_status":"closed","template":"","meta":{"footnotes":""},"class_list":["post-1025","page","type-page","status-publish","hentry"],"_links":{"self":[{"href":"http:\/\/danek33.pl\/blog\/index.php\/wp-json\/wp\/v2\/pages\/1025","targetHints":{"allow":["GET"]}}],"collection":[{"href":"http:\/\/danek33.pl\/blog\/index.php\/wp-json\/wp\/v2\/pages"}],"about":[{"href":"http:\/\/danek33.pl\/blog\/index.php\/wp-json\/wp\/v2\/types\/page"}],"author":[{"embeddable":true,"href":"http:\/\/danek33.pl\/blog\/index.php\/wp-json\/wp\/v2\/users\/1"}],"replies":[{"embeddable":true,"href":"http:\/\/danek33.pl\/blog\/index.php\/wp-json\/wp\/v2\/comments?post=1025"}],"version-history":[{"count":3,"href":"http:\/\/danek33.pl\/blog\/index.php\/wp-json\/wp\/v2\/pages\/1025\/revisions"}],"predecessor-version":[{"id":1028,"href":"http:\/\/danek33.pl\/blog\/index.php\/wp-json\/wp\/v2\/pages\/1025\/revisions\/1028"}],"up":[{"embeddable":true,"href":"http:\/\/danek33.pl\/blog\/index.php\/wp-json\/wp\/v2\/pages\/189"}],"wp:attachment":[{"href":"http:\/\/danek33.pl\/blog\/index.php\/wp-json\/wp\/v2\/media?parent=1025"}],"curies":[{"name":"wp","href":"https:\/\/api.w.org\/{rel}","templated":true}]}}