{"id":1017,"date":"2011-11-16T23:10:24","date_gmt":"2011-11-16T21:10:24","guid":{"rendered":"http:\/\/danek33.pl\/blog\/?page_id=1017"},"modified":"2011-11-16T23:12:16","modified_gmt":"2011-11-16T21:12:16","slug":"oferta-chrztu","status":"publish","type":"page","link":"http:\/\/danek33.pl\/blog\/index.php\/oferty\/oferta-chrztu\/","title":{"rendered":"OFERTA CHRZTU"},"content":{"rendered":"<p><strong>OPCJA PODSTAWOWA mo\u017ce zawiera\u0107:<\/strong><\/p>\n<ul>\n<li>chrzest \u015bwi\u0119ty (msza)<\/li>\n<li>sesja rodzinna pod ko\u015bcio\u0142em<\/li>\n<li>p\u0142yta DVD ze zdj\u0119ciami<\/li>\n<\/ul>\n<p><strong>OPCJA ROZSZERZONA mo\u017ce zawiera\u0107:<\/strong><\/p>\n<ul>\n<li>fotoreporta\u017c z przygotowa\u0144 do chrztu<\/li>\n<li>chrzest \u015bwi\u0119ty (msza)<\/li>\n<li>uroczysty obiad<\/li>\n<li>sesja dziecka w plenerze wraz z najbli\u017csz\u0105 rodzin\u0105<\/li>\n<li>przygotowanie ekskluzywnego albumu fotograficznego, fotoksi\u0105\u017cki, fotoalbumu i prezentacji zdj\u0119\u0107 z podk\u0142adem muzycznym<\/li>\n<\/ul>\n\n<div class=\"like\">\n<iframe src=\"http:\/\/www.facebook.com\/plugins\/like.php?href=http%3A%2F%2Fdanek33.pl%2Fblog%2Findex.php%2Foferty%2Foferta-chrztu%2F&amp;layout=standard&amp;show_faces=true&amp;width=450&amp;action=like&amp;font=&amp;colorscheme=light\" scrolling=\"no\" frameborder=\"0\" allowTransparency=\"true\" style=\"border:none; overflow:hidden; width:450px; height:62px; \"><\/iframe>\n<\/div>\n","protected":false},"excerpt":{"rendered":"<p>OPCJA PODSTAWOWA mo\u017ce zawiera\u0107: chrzest \u015bwi\u0119ty (msza) sesja rodzinna pod ko\u015bcio\u0142em p\u0142yta DVD ze zdj\u0119ciami OPCJA ROZSZERZONA mo\u017ce zawiera\u0107: fotoreporta\u017c z przygotowa\u0144 do chrztu chrzest \u015bwi\u0119ty (msza) uroczysty obiad sesja<\/p>\n<p class=\"more-link\"><a href=\"http:\/\/danek33.pl\/blog\/index.php\/oferty\/oferta-chrztu\/\" class=\"readmore\">Continue reading<svg class=\"icon icon-arrow-right\" aria-hidden=\"true\" role=\"img\"> <use href=\"#icon-arrow-right\" xlink:href=\"#icon-arrow-right\"><\/use> <\/svg><span class=\"screen-reader-text\">OFERTA CHRZTU<\/span><\/a><\/p>\n","protected":false},"author":1,"featured_media":0,"parent":189,"menu_order":0,"comment_status":"open","ping_status":"closed","template":"","meta":{"footnotes":""},"class_list":["post-1017","page","type-page","status-publish","hentry"],"_links":{"self":[{"href":"http:\/\/danek33.pl\/blog\/index.php\/wp-json\/wp\/v2\/pages\/1017","targetHints":{"allow":["GET"]}}],"collection":[{"href":"http:\/\/danek33.pl\/blog\/index.php\/wp-json\/wp\/v2\/pages"}],"about":[{"href":"http:\/\/danek33.pl\/blog\/index.php\/wp-json\/wp\/v2\/types\/page"}],"author":[{"embeddable":true,"href":"http:\/\/danek33.pl\/blog\/index.php\/wp-json\/wp\/v2\/users\/1"}],"replies":[{"embeddable":true,"href":"http:\/\/danek33.pl\/blog\/index.php\/wp-json\/wp\/v2\/comments?post=1017"}],"version-history":[{"count":3,"href":"http:\/\/danek33.pl\/blog\/index.php\/wp-json\/wp\/v2\/pages\/1017\/revisions"}],"predecessor-version":[{"id":1019,"href":"http:\/\/danek33.pl\/blog\/index.php\/wp-json\/wp\/v2\/pages\/1017\/revisions\/1019"}],"up":[{"embeddable":true,"href":"http:\/\/danek33.pl\/blog\/index.php\/wp-json\/wp\/v2\/pages\/189"}],"wp:attachment":[{"href":"http:\/\/danek33.pl\/blog\/index.php\/wp-json\/wp\/v2\/media?parent=1017"}],"curies":[{"name":"wp","href":"https:\/\/api.w.org\/{rel}","templated":true}]}}